{"id":63,"date":"2023-09-28T11:02:50","date_gmt":"2023-09-28T14:02:50","guid":{"rendered":"https:\/\/tsagency.com.br\/?page_id=63"},"modified":"2026-02-23T07:39:00","modified_gmt":"2026-02-23T10:39:00","slug":"ts-agency","status":"publish","type":"page","link":"https:\/\/tsagency.com.br\/?page_id=63","title":{"rendered":"Ts Agency"},"content":{"rendered":"\t\t<div data-elementor-type=\"wp-page\" data-elementor-id=\"63\" class=\"elementor elementor-63\">\n\t\t\t\t<div class=\"elementor-element elementor-element-80d9887 e-flex e-con-boxed e-con e-parent\" data-id=\"80d9887\" data-element_type=\"container\">\n\t\t\t\t\t<div class=\"e-con-inner\">\n\t\t\t\t<div class=\"elementor-element elementor-element-8d3c572 elementor-widget__width-initial elementor-widget elementor-widget-image\" data-id=\"8d3c572\" data-element_type=\"widget\" data-widget_type=\"image.default\">\n\t\t\t\t<div class=\"elementor-widget-container\">\n\t\t\t<style>\/*! elementor - v3.23.0 - 05-08-2024 *\/\n.elementor-widget-image{text-align:center}.elementor-widget-image a{display:inline-block}.elementor-widget-image a img[src$=\".svg\"]{width:48px}.elementor-widget-image img{vertical-align:middle;display:inline-block}<\/style>\t\t\t\t\t\t\t\t\t\t<img fetchpriority=\"high\" decoding=\"async\" width=\"300\" height=\"291\" src=\"https:\/\/tsagency.com.br\/wp-content\/uploads\/2023\/10\/Tiago-profile-orange-3-1-1-300x291.png\" class=\"attachment-medium size-medium wp-image-173\" alt=\"\" srcset=\"https:\/\/tsagency.com.br\/wp-content\/uploads\/2023\/10\/Tiago-profile-orange-3-1-1-300x291.png 300w, https:\/\/tsagency.com.br\/wp-content\/uploads\/2023\/10\/Tiago-profile-orange-3-1-1.png 540w\" sizes=\"(max-width: 300px) 100vw, 300px\" \/>\t\t\t\t\t\t\t\t\t\t\t\t\t<\/div>\n\t\t\t\t<\/div>\n\t\t\t\t<div class=\"elementor-element elementor-element-673ad78 elementor-widget__width-initial elementor-widget elementor-widget-image\" data-id=\"673ad78\" data-element_type=\"widget\" data-widget_type=\"image.default\">\n\t\t\t\t<div class=\"elementor-widget-container\">\n\t\t\t\t\t\t\t\t\t\t\t\t\t<img decoding=\"async\" width=\"300\" height=\"300\" src=\"https:\/\/tsagency.com.br\/wp-content\/uploads\/2023\/10\/Thales_Silva-300x300.jpg\" class=\"attachment-medium size-medium wp-image-159\" alt=\"Thales Silva\" srcset=\"https:\/\/tsagency.com.br\/wp-content\/uploads\/2023\/10\/Thales_Silva-300x300.jpg 300w, https:\/\/tsagency.com.br\/wp-content\/uploads\/2023\/10\/Thales_Silva-150x150.jpg 150w, https:\/\/tsagency.com.br\/wp-content\/uploads\/2023\/10\/Thales_Silva.jpg 399w\" sizes=\"(max-width: 300px) 100vw, 300px\" \/>\t\t\t\t\t\t\t\t\t\t\t\t\t<\/div>\n\t\t\t\t<\/div>\n\t\t\t\t\t<\/div>\n\t\t\t\t<\/div>\n\t\t<div class=\"elementor-element elementor-element-2667b56 e-flex e-con-boxed e-con e-parent\" data-id=\"2667b56\" data-element_type=\"container\">\n\t\t\t\t\t<div class=\"e-con-inner\">\n\t\t<div class=\"elementor-element elementor-element-0c71665 e-con-full e-flex e-con e-child\" data-id=\"0c71665\" data-element_type=\"container\">\n\t\t\t\t<div class=\"elementor-element elementor-element-9116082 elementor-widget__width-initial elementor-widget elementor-widget-text-editor\" data-id=\"9116082\" data-element_type=\"widget\" data-widget_type=\"text-editor.default\">\n\t\t\t\t<div class=\"elementor-widget-container\">\n\t\t\t<style>\/*! elementor - v3.23.0 - 05-08-2024 *\/\n.elementor-widget-text-editor.elementor-drop-cap-view-stacked .elementor-drop-cap{background-color:#69727d;color:#fff}.elementor-widget-text-editor.elementor-drop-cap-view-framed .elementor-drop-cap{color:#69727d;border:3px solid;background-color:transparent}.elementor-widget-text-editor:not(.elementor-drop-cap-view-default) .elementor-drop-cap{margin-top:8px}.elementor-widget-text-editor:not(.elementor-drop-cap-view-default) .elementor-drop-cap-letter{width:1em;height:1em}.elementor-widget-text-editor .elementor-drop-cap{float:left;text-align:center;line-height:1;font-size:50px}.elementor-widget-text-editor .elementor-drop-cap-letter{display:inline-block}<\/style>\t\t\t\t<p><strong>Tiago Silva<\/strong> \u00e9 um apaixonado pelo Marketing,&nbsp; desenvolveu sua carreira ao longo de 23 anos nessa \u00e1rea por acreditar que todo mundo precisa de MKT para sobreviver. Tiago possui viv\u00eancia internacional na Austr\u00e1lia onde realizou um mestrado em Propaganda e Marketing.<\/p>\t\t\t\t\t\t<\/div>\n\t\t\t\t<\/div>\n\t\t\t\t<\/div>\n\t\t<div class=\"elementor-element elementor-element-e6a8d39 e-con-full e-flex e-con e-child\" data-id=\"e6a8d39\" data-element_type=\"container\">\n\t\t\t\t<div class=\"elementor-element elementor-element-f51c03e elementor-widget elementor-widget-text-editor\" data-id=\"f51c03e\" data-element_type=\"widget\" data-widget_type=\"text-editor.default\">\n\t\t\t\t<div class=\"elementor-widget-container\">\n\t\t\t\t\t\t\t<p><strong>Thales Silva<\/strong> \u00e9 o profissional da \u00e1rea jur\u00eddica da ag\u00eancia, advogado respons\u00e1vel por contratos de servi\u00e7os \u00e9 especialista nas quest\u00f5es de compliance, patentes e registro de marcas. Possui viv\u00eancia internacional e j\u00e1 atuou em grandes escrit\u00f3rios de advocacia no Brasil e no exterior.<\/p>\t\t\t\t\t\t<\/div>\n\t\t\t\t<\/div>\n\t\t\t\t<\/div>\n\t\t\t\t\t<\/div>\n\t\t\t\t<\/div>\n\t\t<div class=\"elementor-element elementor-element-0ee2ad5 e-con-full e-flex e-con e-parent\" data-id=\"0ee2ad5\" data-element_type=\"container\">\n\t\t\t\t<div class=\"elementor-element elementor-element-60e6a4e elementor-widget__width-initial elementor-widget elementor-widget-text-editor\" data-id=\"60e6a4e\" data-element_type=\"widget\" data-widget_type=\"text-editor.default\">\n\t\t\t\t<div class=\"elementor-widget-container\">\n\t\t\t\t\t\t\t<p style=\"text-align: center;\">Nossos Valores<\/p>\t\t\t\t\t\t<\/div>\n\t\t\t\t<\/div>\n\t\t\t\t<\/div>\n\t\t<div class=\"elementor-element elementor-element-5212033 e-con-full e-flex e-con e-parent\" data-id=\"5212033\" data-element_type=\"container\">\n\t\t<div class=\"elementor-element elementor-element-8fbf163 e-con-full e-flex e-con e-child\" data-id=\"8fbf163\" data-element_type=\"container\" data-settings=\"{&quot;background_background&quot;:&quot;gradient&quot;}\">\n\t\t\t\t<div class=\"elementor-element elementor-element-4fde22d elementor-widget elementor-widget-heading\" data-id=\"4fde22d\" data-element_type=\"widget\" data-widget_type=\"heading.default\">\n\t\t\t\t<div class=\"elementor-widget-container\">\n\t\t\t<style>\/*! elementor - v3.23.0 - 05-08-2024 *\/\n.elementor-heading-title{padding:0;margin:0;line-height:1}.elementor-widget-heading .elementor-heading-title[class*=elementor-size-]>a{color:inherit;font-size:inherit;line-height:inherit}.elementor-widget-heading .elementor-heading-title.elementor-size-small{font-size:15px}.elementor-widget-heading .elementor-heading-title.elementor-size-medium{font-size:19px}.elementor-widget-heading .elementor-heading-title.elementor-size-large{font-size:29px}.elementor-widget-heading .elementor-heading-title.elementor-size-xl{font-size:39px}.elementor-widget-heading .elementor-heading-title.elementor-size-xxl{font-size:59px}<\/style><h2 class=\"elementor-heading-title elementor-size-default\">INTEGRIDADE<\/h2>\t\t<\/div>\n\t\t\t\t<\/div>\n\t\t\t\t<\/div>\n\t\t<div class=\"elementor-element elementor-element-0967cfc e-con-full e-flex e-con e-child\" data-id=\"0967cfc\" data-element_type=\"container\" data-settings=\"{&quot;background_background&quot;:&quot;gradient&quot;}\">\n\t\t\t\t<div class=\"elementor-element elementor-element-05bad36 elementor-widget elementor-widget-heading\" data-id=\"05bad36\" data-element_type=\"widget\" data-widget_type=\"heading.default\">\n\t\t\t\t<div class=\"elementor-widget-container\">\n\t\t\t<h2 class=\"elementor-heading-title elementor-size-default\">CRIATIVIDADE<\/h2>\t\t<\/div>\n\t\t\t\t<\/div>\n\t\t\t\t<\/div>\n\t\t\t\t<\/div>\n\t\t<div class=\"elementor-element elementor-element-6c5a2bc e-con-full e-flex e-con e-parent\" data-id=\"6c5a2bc\" data-element_type=\"container\">\n\t\t<div class=\"elementor-element elementor-element-a7e5a0d e-con-full e-flex e-con e-child\" data-id=\"a7e5a0d\" data-element_type=\"container\" data-settings=\"{&quot;background_background&quot;:&quot;gradient&quot;}\">\n\t\t\t\t<div class=\"elementor-element elementor-element-a78148d elementor-widget elementor-widget-heading\" data-id=\"a78148d\" data-element_type=\"widget\" data-widget_type=\"heading.default\">\n\t\t\t\t<div class=\"elementor-widget-container\">\n\t\t\t<h2 class=\"elementor-heading-title elementor-size-default\">RESULTADO<\/h2>\t\t<\/div>\n\t\t\t\t<\/div>\n\t\t\t\t<\/div>\n\t\t<div class=\"elementor-element elementor-element-2432924 e-con-full e-flex e-con e-child\" data-id=\"2432924\" data-element_type=\"container\" data-settings=\"{&quot;background_background&quot;:&quot;gradient&quot;}\">\n\t\t\t\t<div class=\"elementor-element elementor-element-3124056 elementor-widget elementor-widget-heading\" data-id=\"3124056\" data-element_type=\"widget\" data-widget_type=\"heading.default\">\n\t\t\t\t<div class=\"elementor-widget-container\">\n\t\t\t<h2 class=\"elementor-heading-title elementor-size-default\">EXCEL\u00caNCIA<\/h2>\t\t<\/div>\n\t\t\t\t<\/div>\n\t\t\t\t<\/div>\n\t\t\t\t<\/div>\n\t\t<div class=\"elementor-element elementor-element-df1f139 e-con-full e-flex e-con e-parent\" data-id=\"df1f139\" data-element_type=\"container\">\n\t\t\t\t<div class=\"elementor-element elementor-element-104ff90 elementor-widget elementor-widget-image\" data-id=\"104ff90\" data-element_type=\"widget\" data-widget_type=\"image.default\">\n\t\t\t\t<div class=\"elementor-widget-container\">\n\t\t\t\t\t\t\t\t\t\t\t\t\t<img decoding=\"async\" width=\"732\" height=\"1024\" src=\"https:\/\/tsagency.com.br\/wp-content\/uploads\/2023\/09\/Logotipo-Ts-Agency-P.2-SITE-732x1024.png\" class=\"attachment-large size-large wp-image-40\" alt=\"TEXTO DE APRESENTACAO TS AGENCY\" srcset=\"https:\/\/tsagency.com.br\/wp-content\/uploads\/2023\/09\/Logotipo-Ts-Agency-P.2-SITE-732x1024.png 732w, https:\/\/tsagency.com.br\/wp-content\/uploads\/2023\/09\/Logotipo-Ts-Agency-P.2-SITE-214x300.png 214w, https:\/\/tsagency.com.br\/wp-content\/uploads\/2023\/09\/Logotipo-Ts-Agency-P.2-SITE-768x1075.png 768w, https:\/\/tsagency.com.br\/wp-content\/uploads\/2023\/09\/Logotipo-Ts-Agency-P.2-SITE-1097x1536.png 1097w, https:\/\/tsagency.com.br\/wp-content\/uploads\/2023\/09\/Logotipo-Ts-Agency-P.2-SITE.png 1111w\" sizes=\"(max-width: 732px) 100vw, 732px\" \/>\t\t\t\t\t\t\t\t\t\t\t\t\t<\/div>\n\t\t\t\t<\/div>\n\t\t\t\t<\/div>\n\t\t<div class=\"elementor-element elementor-element-dadd5f4 e-con-full e-flex e-con e-parent\" data-id=\"dadd5f4\" data-element_type=\"container\">\n\t\t<div class=\"elementor-element elementor-element-b0fe1b4 e-con-full e-flex e-con e-child\" data-id=\"b0fe1b4\" data-element_type=\"container\" data-settings=\"{&quot;background_background&quot;:&quot;gradient&quot;}\">\n\t\t\t\t<div class=\"elementor-element elementor-element-9ba88bc elementor-widget elementor-widget-heading\" data-id=\"9ba88bc\" data-element_type=\"widget\" data-widget_type=\"heading.default\">\n\t\t\t\t<div class=\"elementor-widget-container\">\n\t\t\t<h2 class=\"elementor-heading-title elementor-size-default\">100% de Dedica\u00e7\u00e3o<\/h2>\t\t<\/div>\n\t\t\t\t<\/div>\n\t\t\t\t<\/div>\n\t\t\t\t<\/div>\n\t\t<div class=\"elementor-element elementor-element-ec9fc72 e-con-full e-flex e-con e-parent\" data-id=\"ec9fc72\" data-element_type=\"container\" data-settings=\"{&quot;background_background&quot;:&quot;classic&quot;}\">\n\t\t\t\t<div class=\"elementor-element elementor-element-c8b9327 elementor-widget__width-initial elementor-widget elementor-widget-heading\" data-id=\"c8b9327\" data-element_type=\"widget\" data-widget_type=\"heading.default\">\n\t\t\t\t<div class=\"elementor-widget-container\">\n\t\t\t<h2 class=\"elementor-heading-title elementor-size-default\">TRABALHO ESTRAT\u00c9GICO<\/h2>\t\t<\/div>\n\t\t\t\t<\/div>\n\t\t\t\t<\/div>\n\t\t\t\t<\/div>\n\t\t","protected":false},"excerpt":{"rendered":"<p>Tiago Silva \u00e9 um apaixonado pelo Marketing,&nbsp; desenvolveu sua carreira ao longo de 23 anos nessa \u00e1rea por acreditar que todo mundo precisa de MKT para sobreviver. Tiago possui viv\u00eancia internacional na Austr\u00e1lia onde realizou um mestrado em Propaganda e Marketing. Thales Silva \u00e9 o profissional da \u00e1rea jur\u00eddica da ag\u00eancia, advogado respons\u00e1vel por contratos [&hellip;]<\/p>\n","protected":false},"author":1,"featured_media":0,"parent":0,"menu_order":0,"comment_status":"closed","ping_status":"closed","template":"elementor_canvas","meta":{"om_disable_all_campaigns":false,"_monsterinsights_skip_tracking":false,"_monsterinsights_sitenote_active":false,"_monsterinsights_sitenote_note":"","_monsterinsights_sitenote_category":0,"ocean_post_layout":"","ocean_both_sidebars_style":"","ocean_both_sidebars_content_width":0,"ocean_both_sidebars_sidebars_width":0,"ocean_sidebar":"","ocean_second_sidebar":"","ocean_disable_margins":"enable","ocean_add_body_class":"","ocean_shortcode_before_top_bar":"","ocean_shortcode_after_top_bar":"","ocean_shortcode_before_header":"","ocean_shortcode_after_header":"","ocean_has_shortcode":"","ocean_shortcode_after_title":"","ocean_shortcode_before_footer_widgets":"","ocean_shortcode_after_footer_widgets":"","ocean_shortcode_before_footer_bottom":"","ocean_shortcode_after_footer_bottom":"","ocean_display_top_bar":"default","ocean_display_header":"default","ocean_header_style":"","ocean_center_header_left_menu":"","ocean_custom_header_template":"","ocean_custom_logo":0,"ocean_custom_retina_logo":0,"ocean_custom_logo_max_width":0,"ocean_custom_logo_tablet_max_width":0,"ocean_custom_logo_mobile_max_width":0,"ocean_custom_logo_max_height":0,"ocean_custom_logo_tablet_max_height":0,"ocean_custom_logo_mobile_max_height":0,"ocean_header_custom_menu":"","ocean_menu_typo_font_family":"","ocean_menu_typo_font_subset":"","ocean_menu_typo_font_size":0,"ocean_menu_typo_font_size_tablet":0,"ocean_menu_typo_font_size_mobile":0,"ocean_menu_typo_font_size_unit":"px","ocean_menu_typo_font_weight":"","ocean_menu_typo_font_weight_tablet":"","ocean_menu_typo_font_weight_mobile":"","ocean_menu_typo_transform":"","ocean_menu_typo_transform_tablet":"","ocean_menu_typo_transform_mobile":"","ocean_menu_typo_line_height":0,"ocean_menu_typo_line_height_tablet":0,"ocean_menu_typo_line_height_mobile":0,"ocean_menu_typo_line_height_unit":"","ocean_menu_typo_spacing":0,"ocean_menu_typo_spacing_tablet":0,"ocean_menu_typo_spacing_mobile":0,"ocean_menu_typo_spacing_unit":"","ocean_menu_link_color":"","ocean_menu_link_color_hover":"","ocean_menu_link_color_active":"","ocean_menu_link_background":"","ocean_menu_link_hover_background":"","ocean_menu_link_active_background":"","ocean_menu_social_links_bg":"","ocean_menu_social_hover_links_bg":"","ocean_menu_social_links_color":"","ocean_menu_social_hover_links_color":"","ocean_disable_title":"default","ocean_disable_heading":"default","ocean_post_title":"","ocean_post_subheading":"","ocean_post_title_style":"","ocean_post_title_background_color":"","ocean_post_title_background":0,"ocean_post_title_bg_image_position":"","ocean_post_title_bg_image_attachment":"","ocean_post_title_bg_image_repeat":"","ocean_post_title_bg_image_size":"","ocean_post_title_height":0,"ocean_post_title_bg_overlay":0.5,"ocean_post_title_bg_overlay_color":"","ocean_disable_breadcrumbs":"default","ocean_breadcrumbs_color":"","ocean_breadcrumbs_separator_color":"","ocean_breadcrumbs_links_color":"","ocean_breadcrumbs_links_hover_color":"","ocean_display_footer_widgets":"default","ocean_display_footer_bottom":"default","ocean_custom_footer_template":"","footnotes":""},"aioseo_notices":[],"_links":{"self":[{"href":"https:\/\/tsagency.com.br\/index.php?rest_route=\/wp\/v2\/pages\/63"}],"collection":[{"href":"https:\/\/tsagency.com.br\/index.php?rest_route=\/wp\/v2\/pages"}],"about":[{"href":"https:\/\/tsagency.com.br\/index.php?rest_route=\/wp\/v2\/types\/page"}],"author":[{"embeddable":true,"href":"https:\/\/tsagency.com.br\/index.php?rest_route=\/wp\/v2\/users\/1"}],"replies":[{"embeddable":true,"href":"https:\/\/tsagency.com.br\/index.php?rest_route=%2Fwp%2Fv2%2Fcomments&post=63"}],"version-history":[{"count":155,"href":"https:\/\/tsagency.com.br\/index.php?rest_route=\/wp\/v2\/pages\/63\/revisions"}],"predecessor-version":[{"id":1199,"href":"https:\/\/tsagency.com.br\/index.php?rest_route=\/wp\/v2\/pages\/63\/revisions\/1199"}],"wp:attachment":[{"href":"https:\/\/tsagency.com.br\/index.php?rest_route=%2Fwp%2Fv2%2Fmedia&parent=63"}],"curies":[{"name":"wp","href":"https:\/\/api.w.org\/{rel}","templated":true}]}}