{"id":43,"date":"2023-09-26T11:18:19","date_gmt":"2023-09-26T14:18:19","guid":{"rendered":"https:\/\/tsagency.com.br\/?page_id=43"},"modified":"2026-02-23T07:47:08","modified_gmt":"2026-02-23T10:47:08","slug":"home","status":"publish","type":"page","link":"https:\/\/tsagency.com.br\/","title":{"rendered":"Home"},"content":{"rendered":"\t\t<div data-elementor-type=\"wp-page\" data-elementor-id=\"43\" class=\"elementor elementor-43\">\n\t\t\t\t<div class=\"elementor-element elementor-element-853c06e e-flex e-con-boxed e-con e-parent\" data-id=\"853c06e\" data-element_type=\"container\">\n\t\t\t\t\t<div class=\"e-con-inner\">\n\t\t\t\t<div class=\"elementor-element elementor-element-3923877 elementor-widget elementor-widget-image\" data-id=\"3923877\" data-element_type=\"widget\" data-widget_type=\"image.default\">\n\t\t\t\t<div class=\"elementor-widget-container\">\n\t\t\t<style>\/*! elementor - v3.23.0 - 05-08-2024 *\/\n.elementor-widget-image{text-align:center}.elementor-widget-image a{display:inline-block}.elementor-widget-image a img[src$=\".svg\"]{width:48px}.elementor-widget-image img{vertical-align:middle;display:inline-block}<\/style>\t\t\t\t\t\t\t\t\t\t<img fetchpriority=\"high\" decoding=\"async\" width=\"214\" height=\"300\" src=\"https:\/\/tsagency.com.br\/wp-content\/uploads\/2023\/09\/Logotipo-Ts-Agency-P.2-SITE-214x300.png\" class=\"attachment-medium size-medium wp-image-40\" alt=\"TEXTO DE APRESENTACAO TS AGENCY\" srcset=\"https:\/\/tsagency.com.br\/wp-content\/uploads\/2023\/09\/Logotipo-Ts-Agency-P.2-SITE-214x300.png 214w, https:\/\/tsagency.com.br\/wp-content\/uploads\/2023\/09\/Logotipo-Ts-Agency-P.2-SITE-732x1024.png 732w, https:\/\/tsagency.com.br\/wp-content\/uploads\/2023\/09\/Logotipo-Ts-Agency-P.2-SITE-768x1075.png 768w, https:\/\/tsagency.com.br\/wp-content\/uploads\/2023\/09\/Logotipo-Ts-Agency-P.2-SITE-1097x1536.png 1097w, https:\/\/tsagency.com.br\/wp-content\/uploads\/2023\/09\/Logotipo-Ts-Agency-P.2-SITE.png 1111w\" sizes=\"(max-width: 214px) 100vw, 214px\" \/>\t\t\t\t\t\t\t\t\t\t\t\t\t<\/div>\n\t\t\t\t<\/div>\n\t\t\t\t\t<\/div>\n\t\t\t\t<\/div>\n\t\t<div class=\"elementor-element elementor-element-efb7cd8 e-flex e-con-boxed e-con e-parent\" data-id=\"efb7cd8\" data-element_type=\"container\">\n\t\t\t\t\t<div class=\"e-con-inner\">\n\t\t<div class=\"elementor-element elementor-element-375c214 e-con-full e-flex e-con e-child\" data-id=\"375c214\" data-element_type=\"container\">\n\t\t\t\t<div class=\"elementor-element elementor-element-97ffc21 elementor-widget elementor-widget-image\" data-id=\"97ffc21\" data-element_type=\"widget\" data-widget_type=\"image.default\">\n\t\t\t\t<div class=\"elementor-widget-container\">\n\t\t\t\t\t\t\t\t\t\t\t\t\t<img decoding=\"async\" width=\"1024\" height=\"674\" src=\"https:\/\/tsagency.com.br\/wp-content\/uploads\/2023\/09\/unseen-studio-WvuTnXz1hSc-unsplash-1024x674.jpg\" class=\"attachment-large size-large wp-image-58\" alt=\"\" srcset=\"https:\/\/tsagency.com.br\/wp-content\/uploads\/2023\/09\/unseen-studio-WvuTnXz1hSc-unsplash-1024x674.jpg 1024w, https:\/\/tsagency.com.br\/wp-content\/uploads\/2023\/09\/unseen-studio-WvuTnXz1hSc-unsplash-300x198.jpg 300w, https:\/\/tsagency.com.br\/wp-content\/uploads\/2023\/09\/unseen-studio-WvuTnXz1hSc-unsplash-768x506.jpg 768w, https:\/\/tsagency.com.br\/wp-content\/uploads\/2023\/09\/unseen-studio-WvuTnXz1hSc-unsplash-1536x1012.jpg 1536w, https:\/\/tsagency.com.br\/wp-content\/uploads\/2023\/09\/unseen-studio-WvuTnXz1hSc-unsplash-2048x1349.jpg 2048w\" sizes=\"(max-width: 1024px) 100vw, 1024px\" \/>\t\t\t\t\t\t\t\t\t\t\t\t\t<\/div>\n\t\t\t\t<\/div>\n\t\t\t\t<\/div>\n\t\t<div class=\"elementor-element elementor-element-56e31f1 e-con-full e-flex e-con e-child\" data-id=\"56e31f1\" data-element_type=\"container\">\n\t\t\t\t<div class=\"elementor-element elementor-element-1c40ff0 elementor-widget elementor-widget-image\" data-id=\"1c40ff0\" data-element_type=\"widget\" data-widget_type=\"image.default\">\n\t\t\t\t<div class=\"elementor-widget-container\">\n\t\t\t\t\t\t\t\t\t\t\t\t\t<img decoding=\"async\" width=\"1024\" height=\"683\" src=\"https:\/\/tsagency.com.br\/wp-content\/uploads\/2023\/09\/shahadat-rahman-BfrQnKBulYQ-unsplash-1024x683.jpg\" class=\"attachment-large size-large wp-image-57\" alt=\"\" srcset=\"https:\/\/tsagency.com.br\/wp-content\/uploads\/2023\/09\/shahadat-rahman-BfrQnKBulYQ-unsplash-1024x683.jpg 1024w, https:\/\/tsagency.com.br\/wp-content\/uploads\/2023\/09\/shahadat-rahman-BfrQnKBulYQ-unsplash-300x200.jpg 300w, https:\/\/tsagency.com.br\/wp-content\/uploads\/2023\/09\/shahadat-rahman-BfrQnKBulYQ-unsplash-768x512.jpg 768w, https:\/\/tsagency.com.br\/wp-content\/uploads\/2023\/09\/shahadat-rahman-BfrQnKBulYQ-unsplash-1536x1024.jpg 1536w, https:\/\/tsagency.com.br\/wp-content\/uploads\/2023\/09\/shahadat-rahman-BfrQnKBulYQ-unsplash-2048x1365.jpg 2048w\" sizes=\"(max-width: 1024px) 100vw, 1024px\" \/>\t\t\t\t\t\t\t\t\t\t\t\t\t<\/div>\n\t\t\t\t<\/div>\n\t\t\t\t<\/div>\n\t\t<div class=\"elementor-element elementor-element-f8a1b33 e-con-full e-flex e-con e-child\" data-id=\"f8a1b33\" data-element_type=\"container\">\n\t\t\t\t<div class=\"elementor-element elementor-element-9ea5fe6 elementor-widget elementor-widget-image\" data-id=\"9ea5fe6\" data-element_type=\"widget\" data-widget_type=\"image.default\">\n\t\t\t\t<div class=\"elementor-widget-container\">\n\t\t\t\t\t\t\t\t\t\t\t\t\t<img loading=\"lazy\" decoding=\"async\" width=\"1024\" height=\"684\" src=\"https:\/\/tsagency.com.br\/wp-content\/uploads\/2023\/09\/joshua-sortino-LqKhnDzSF-8-unsplash-1024x684.jpg\" class=\"attachment-large size-large wp-image-55\" alt=\"futurista_portal_de_luz\" srcset=\"https:\/\/tsagency.com.br\/wp-content\/uploads\/2023\/09\/joshua-sortino-LqKhnDzSF-8-unsplash-1024x684.jpg 1024w, https:\/\/tsagency.com.br\/wp-content\/uploads\/2023\/09\/joshua-sortino-LqKhnDzSF-8-unsplash-300x200.jpg 300w, https:\/\/tsagency.com.br\/wp-content\/uploads\/2023\/09\/joshua-sortino-LqKhnDzSF-8-unsplash-768x513.jpg 768w, https:\/\/tsagency.com.br\/wp-content\/uploads\/2023\/09\/joshua-sortino-LqKhnDzSF-8-unsplash-1536x1026.jpg 1536w, https:\/\/tsagency.com.br\/wp-content\/uploads\/2023\/09\/joshua-sortino-LqKhnDzSF-8-unsplash-2048x1368.jpg 2048w\" sizes=\"(max-width: 1024px) 100vw, 1024px\" \/>\t\t\t\t\t\t\t\t\t\t\t\t\t<\/div>\n\t\t\t\t<\/div>\n\t\t\t\t<\/div>\n\t\t<div class=\"elementor-element elementor-element-2e6f630 e-con-full e-flex e-con e-child\" data-id=\"2e6f630\" data-element_type=\"container\">\n\t\t\t\t<div class=\"elementor-element elementor-element-2bbb928 elementor-widget elementor-widget-image\" data-id=\"2bbb928\" data-element_type=\"widget\" data-widget_type=\"image.default\">\n\t\t\t\t<div class=\"elementor-widget-container\">\n\t\t\t\t\t\t\t\t\t\t\t\t\t<img loading=\"lazy\" decoding=\"async\" width=\"1024\" height=\"683\" src=\"https:\/\/tsagency.com.br\/wp-content\/uploads\/2023\/09\/andrew-neel-cckf4TsHAuw-unsplash-1024x683.jpg\" class=\"attachment-large size-large wp-image-50\" alt=\"\" srcset=\"https:\/\/tsagency.com.br\/wp-content\/uploads\/2023\/09\/andrew-neel-cckf4TsHAuw-unsplash-1024x683.jpg 1024w, https:\/\/tsagency.com.br\/wp-content\/uploads\/2023\/09\/andrew-neel-cckf4TsHAuw-unsplash-300x200.jpg 300w, https:\/\/tsagency.com.br\/wp-content\/uploads\/2023\/09\/andrew-neel-cckf4TsHAuw-unsplash-768x512.jpg 768w, https:\/\/tsagency.com.br\/wp-content\/uploads\/2023\/09\/andrew-neel-cckf4TsHAuw-unsplash-1536x1024.jpg 1536w, https:\/\/tsagency.com.br\/wp-content\/uploads\/2023\/09\/andrew-neel-cckf4TsHAuw-unsplash-2048x1365.jpg 2048w\" sizes=\"(max-width: 1024px) 100vw, 1024px\" \/>\t\t\t\t\t\t\t\t\t\t\t\t\t<\/div>\n\t\t\t\t<\/div>\n\t\t\t\t<\/div>\n\t\t<div class=\"elementor-element elementor-element-56fa250 e-con-full e-flex e-con e-child\" data-id=\"56fa250\" data-element_type=\"container\">\n\t\t\t\t<div class=\"elementor-element elementor-element-d237c19 elementor-widget elementor-widget-image\" data-id=\"d237c19\" data-element_type=\"widget\" data-widget_type=\"image.default\">\n\t\t\t\t<div class=\"elementor-widget-container\">\n\t\t\t\t\t\t\t\t\t\t\t\t\t<img loading=\"lazy\" decoding=\"async\" width=\"1024\" height=\"683\" src=\"https:\/\/tsagency.com.br\/wp-content\/uploads\/2023\/09\/agencia-8-1024x683.jpg\" class=\"attachment-large size-large wp-image-98\" alt=\"\" srcset=\"https:\/\/tsagency.com.br\/wp-content\/uploads\/2023\/09\/agencia-8-1024x683.jpg 1024w, https:\/\/tsagency.com.br\/wp-content\/uploads\/2023\/09\/agencia-8-300x200.jpg 300w, https:\/\/tsagency.com.br\/wp-content\/uploads\/2023\/09\/agencia-8-768x512.jpg 768w, https:\/\/tsagency.com.br\/wp-content\/uploads\/2023\/09\/agencia-8-1536x1024.jpg 1536w, https:\/\/tsagency.com.br\/wp-content\/uploads\/2023\/09\/agencia-8-2048x1365.jpg 2048w\" sizes=\"(max-width: 1024px) 100vw, 1024px\" \/>\t\t\t\t\t\t\t\t\t\t\t\t\t<\/div>\n\t\t\t\t<\/div>\n\t\t\t\t<\/div>\n\t\t<div class=\"elementor-element elementor-element-d6cbaf5 e-con-full e-flex e-con e-child\" data-id=\"d6cbaf5\" data-element_type=\"container\">\n\t\t\t\t<div class=\"elementor-element elementor-element-d59d699 elementor-widget elementor-widget-image\" data-id=\"d59d699\" data-element_type=\"widget\" data-widget_type=\"image.default\">\n\t\t\t\t<div class=\"elementor-widget-container\">\n\t\t\t\t\t\t\t\t\t\t\t\t\t<img loading=\"lazy\" decoding=\"async\" width=\"1024\" height=\"683\" src=\"https:\/\/tsagency.com.br\/wp-content\/uploads\/2023\/09\/campaign-creators-yktK2qaiVHI-unsplash-1-1024x683.jpg\" class=\"attachment-large size-large wp-image-51\" alt=\"\" srcset=\"https:\/\/tsagency.com.br\/wp-content\/uploads\/2023\/09\/campaign-creators-yktK2qaiVHI-unsplash-1-1024x683.jpg 1024w, https:\/\/tsagency.com.br\/wp-content\/uploads\/2023\/09\/campaign-creators-yktK2qaiVHI-unsplash-1-300x200.jpg 300w, https:\/\/tsagency.com.br\/wp-content\/uploads\/2023\/09\/campaign-creators-yktK2qaiVHI-unsplash-1-768x512.jpg 768w, https:\/\/tsagency.com.br\/wp-content\/uploads\/2023\/09\/campaign-creators-yktK2qaiVHI-unsplash-1-1536x1024.jpg 1536w, https:\/\/tsagency.com.br\/wp-content\/uploads\/2023\/09\/campaign-creators-yktK2qaiVHI-unsplash-1-2048x1365.jpg 2048w\" sizes=\"(max-width: 1024px) 100vw, 1024px\" \/>\t\t\t\t\t\t\t\t\t\t\t\t\t<\/div>\n\t\t\t\t<\/div>\n\t\t\t\t<\/div>\n\t\t\t\t\t<\/div>\n\t\t\t\t<\/div>\n\t\t<div class=\"elementor-element elementor-element-19b472d e-flex e-con-boxed e-con e-parent\" data-id=\"19b472d\" data-element_type=\"container\">\n\t\t\t\t\t<div class=\"e-con-inner\">\n\t\t\t\t<div class=\"elementor-element elementor-element-cf3bd50 elementor-widget elementor-widget-image\" data-id=\"cf3bd50\" data-element_type=\"widget\" data-widget_type=\"image.default\">\n\t\t\t\t<div class=\"elementor-widget-container\">\n\t\t\t\t\t\t\t\t\t\t\t\t\t<img loading=\"lazy\" decoding=\"async\" width=\"834\" height=\"225\" src=\"https:\/\/tsagency.com.br\/wp-content\/uploads\/2026\/02\/Pecas_site_ajudamos_avencer.png\" class=\"attachment-large size-large wp-image-1200\" alt=\"Ajudamos empreendedores com o marketing\" srcset=\"https:\/\/tsagency.com.br\/wp-content\/uploads\/2026\/02\/Pecas_site_ajudamos_avencer.png 834w, https:\/\/tsagency.com.br\/wp-content\/uploads\/2026\/02\/Pecas_site_ajudamos_avencer-300x81.png 300w, https:\/\/tsagency.com.br\/wp-content\/uploads\/2026\/02\/Pecas_site_ajudamos_avencer-768x207.png 768w\" sizes=\"(max-width: 834px) 100vw, 834px\" \/>\t\t\t\t\t\t\t\t\t\t\t\t\t<\/div>\n\t\t\t\t<\/div>\n\t\t\t\t\t<\/div>\n\t\t\t\t<\/div>\n\t\t<div class=\"elementor-element elementor-element-13ffe15 e-flex e-con-boxed e-con e-parent\" data-id=\"13ffe15\" data-element_type=\"container\">\n\t\t\t\t\t<div class=\"e-con-inner\">\n\t\t\t\t<div class=\"elementor-element elementor-element-2e0072e elementor-widget elementor-widget-heading\" data-id=\"2e0072e\" data-element_type=\"widget\" data-widget_type=\"heading.default\">\n\t\t\t\t<div class=\"elementor-widget-container\">\n\t\t\t<style>\/*! elementor - v3.23.0 - 05-08-2024 *\/\n.elementor-heading-title{padding:0;margin:0;line-height:1}.elementor-widget-heading .elementor-heading-title[class*=elementor-size-]>a{color:inherit;font-size:inherit;line-height:inherit}.elementor-widget-heading .elementor-heading-title.elementor-size-small{font-size:15px}.elementor-widget-heading .elementor-heading-title.elementor-size-medium{font-size:19px}.elementor-widget-heading .elementor-heading-title.elementor-size-large{font-size:29px}.elementor-widget-heading .elementor-heading-title.elementor-size-xl{font-size:39px}.elementor-widget-heading .elementor-heading-title.elementor-size-xxl{font-size:59px}<\/style><h2 class=\"elementor-heading-title elementor-size-default\">Estamos aqui para voc\u00ea!<\/h2>\t\t<\/div>\n\t\t\t\t<\/div>\n\t\t\t\t\t<\/div>\n\t\t\t\t<\/div>\n\t\t<div class=\"elementor-element elementor-element-f65e112 e-flex e-con-boxed e-con e-parent\" data-id=\"f65e112\" data-element_type=\"container\">\n\t\t\t\t\t<div class=\"e-con-inner\">\n\t\t\t\t<div class=\"elementor-element elementor-element-adb0281 elementor-widget elementor-widget-image\" data-id=\"adb0281\" data-element_type=\"widget\" data-widget_type=\"image.default\">\n\t\t\t\t<div class=\"elementor-widget-container\">\n\t\t\t\t\t\t\t\t\t\t<figure class=\"wp-caption\">\n\t\t\t\t\t\t\t\t\t\t<img loading=\"lazy\" decoding=\"async\" width=\"300\" height=\"190\" src=\"https:\/\/tsagency.com.br\/wp-content\/uploads\/2023\/09\/Logotipo-Ts-Agency-P.4-300x190.png\" class=\"attachment-medium size-medium wp-image-37\" alt=\"Logotipo tsagency padrao 4\" srcset=\"https:\/\/tsagency.com.br\/wp-content\/uploads\/2023\/09\/Logotipo-Ts-Agency-P.4-300x190.png 300w, https:\/\/tsagency.com.br\/wp-content\/uploads\/2023\/09\/Logotipo-Ts-Agency-P.4-1024x649.png 1024w, https:\/\/tsagency.com.br\/wp-content\/uploads\/2023\/09\/Logotipo-Ts-Agency-P.4-768x487.png 768w, https:\/\/tsagency.com.br\/wp-content\/uploads\/2023\/09\/Logotipo-Ts-Agency-P.4-1536x973.png 1536w, https:\/\/tsagency.com.br\/wp-content\/uploads\/2023\/09\/Logotipo-Ts-Agency-P.4.png 1671w\" sizes=\"(max-width: 300px) 100vw, 300px\" \/>\t\t\t\t\t\t\t\t\t\t\t<figcaption class=\"widget-image-caption wp-caption-text\">\"Uma vis\u00e3o mais hol\u00edstica no mundo dos neg\u00f3cios\"<\/figcaption>\n\t\t\t\t\t\t\t\t\t\t<\/figure>\n\t\t\t\t\t\t\t<\/div>\n\t\t\t\t<\/div>\n\t\t\t\t\t<\/div>\n\t\t\t\t<\/div>\n\t\t<div class=\"elementor-element elementor-element-f4589bd e-flex e-con-boxed e-con e-parent\" data-id=\"f4589bd\" data-element_type=\"container\">\n\t\t\t\t\t<div class=\"e-con-inner\">\n\t\t\t\t<div class=\"elementor-element elementor-element-f8e1b95 hfe-nav-menu__align-center hfe-submenu-icon-classic hfe-submenu-animation-none hfe-link-redirect-child hfe-nav-menu__breakpoint-tablet elementor-widget elementor-widget-navigation-menu\" data-id=\"f8e1b95\" data-element_type=\"widget\" data-settings=\"{&quot;padding_horizontal_menu_item&quot;:{&quot;unit&quot;:&quot;px&quot;,&quot;size&quot;:3,&quot;sizes&quot;:[]},&quot;padding_vertical_menu_item&quot;:{&quot;unit&quot;:&quot;px&quot;,&quot;size&quot;:10,&quot;sizes&quot;:[]},&quot;menu_space_between&quot;:{&quot;unit&quot;:&quot;px&quot;,&quot;size&quot;:10,&quot;sizes&quot;:[]},&quot;menu_row_space&quot;:{&quot;unit&quot;:&quot;px&quot;,&quot;size&quot;:10,&quot;sizes&quot;:[]},&quot;width_dropdown_item&quot;:{&quot;unit&quot;:&quot;px&quot;,&quot;size&quot;:220,&quot;sizes&quot;:[]},&quot;padding_horizontal_dropdown_item&quot;:{&quot;unit&quot;:&quot;px&quot;,&quot;size&quot;:0,&quot;sizes&quot;:[]},&quot;padding_horizontal_menu_item_tablet&quot;:{&quot;unit&quot;:&quot;px&quot;,&quot;size&quot;:&quot;&quot;,&quot;sizes&quot;:[]},&quot;padding_horizontal_menu_item_mobile&quot;:{&quot;unit&quot;:&quot;px&quot;,&quot;size&quot;:&quot;&quot;,&quot;sizes&quot;:[]},&quot;padding_vertical_menu_item_tablet&quot;:{&quot;unit&quot;:&quot;px&quot;,&quot;size&quot;:&quot;&quot;,&quot;sizes&quot;:[]},&quot;padding_vertical_menu_item_mobile&quot;:{&quot;unit&quot;:&quot;px&quot;,&quot;size&quot;:&quot;&quot;,&quot;sizes&quot;:[]},&quot;menu_space_between_tablet&quot;:{&quot;unit&quot;:&quot;px&quot;,&quot;size&quot;:&quot;&quot;,&quot;sizes&quot;:[]},&quot;menu_space_between_mobile&quot;:{&quot;unit&quot;:&quot;px&quot;,&quot;size&quot;:&quot;&quot;,&quot;sizes&quot;:[]},&quot;menu_row_space_tablet&quot;:{&quot;unit&quot;:&quot;px&quot;,&quot;size&quot;:&quot;&quot;,&quot;sizes&quot;:[]},&quot;menu_row_space_mobile&quot;:{&quot;unit&quot;:&quot;px&quot;,&quot;size&quot;:&quot;&quot;,&quot;sizes&quot;:[]},&quot;dropdown_border_radius&quot;:{&quot;unit&quot;:&quot;px&quot;,&quot;top&quot;:&quot;&quot;,&quot;right&quot;:&quot;&quot;,&quot;bottom&quot;:&quot;&quot;,&quot;left&quot;:&quot;&quot;,&quot;isLinked&quot;:true},&quot;dropdown_border_radius_tablet&quot;:{&quot;unit&quot;:&quot;px&quot;,&quot;top&quot;:&quot;&quot;,&quot;right&quot;:&quot;&quot;,&quot;bottom&quot;:&quot;&quot;,&quot;left&quot;:&quot;&quot;,&quot;isLinked&quot;:true},&quot;dropdown_border_radius_mobile&quot;:{&quot;unit&quot;:&quot;px&quot;,&quot;top&quot;:&quot;&quot;,&quot;right&quot;:&quot;&quot;,&quot;bottom&quot;:&quot;&quot;,&quot;left&quot;:&quot;&quot;,&quot;isLinked&quot;:true},&quot;width_dropdown_item_tablet&quot;:{&quot;unit&quot;:&quot;px&quot;,&quot;size&quot;:&quot;&quot;,&quot;sizes&quot;:[]},&quot;width_dropdown_item_mobile&quot;:{&quot;unit&quot;:&quot;px&quot;,&quot;size&quot;:&quot;&quot;,&quot;sizes&quot;:[]},&quot;padding_horizontal_dropdown_item_tablet&quot;:{&quot;unit&quot;:&quot;px&quot;,&quot;size&quot;:&quot;&quot;,&quot;sizes&quot;:[]},&quot;padding_horizontal_dropdown_item_mobile&quot;:{&quot;unit&quot;:&quot;px&quot;,&quot;size&quot;:&quot;&quot;,&quot;sizes&quot;:[]},&quot;padding_vertical_dropdown_item&quot;:{&quot;unit&quot;:&quot;px&quot;,&quot;size&quot;:15,&quot;sizes&quot;:[]},&quot;padding_vertical_dropdown_item_tablet&quot;:{&quot;unit&quot;:&quot;px&quot;,&quot;size&quot;:&quot;&quot;,&quot;sizes&quot;:[]},&quot;padding_vertical_dropdown_item_mobile&quot;:{&quot;unit&quot;:&quot;px&quot;,&quot;size&quot;:&quot;&quot;,&quot;sizes&quot;:[]},&quot;distance_from_menu&quot;:{&quot;unit&quot;:&quot;px&quot;,&quot;size&quot;:&quot;&quot;,&quot;sizes&quot;:[]},&quot;distance_from_menu_tablet&quot;:{&quot;unit&quot;:&quot;px&quot;,&quot;size&quot;:&quot;&quot;,&quot;sizes&quot;:[]},&quot;distance_from_menu_mobile&quot;:{&quot;unit&quot;:&quot;px&quot;,&quot;size&quot;:&quot;&quot;,&quot;sizes&quot;:[]},&quot;toggle_size&quot;:{&quot;unit&quot;:&quot;px&quot;,&quot;size&quot;:&quot;&quot;,&quot;sizes&quot;:[]},&quot;toggle_size_tablet&quot;:{&quot;unit&quot;:&quot;px&quot;,&quot;size&quot;:&quot;&quot;,&quot;sizes&quot;:[]},&quot;toggle_size_mobile&quot;:{&quot;unit&quot;:&quot;px&quot;,&quot;size&quot;:&quot;&quot;,&quot;sizes&quot;:[]},&quot;toggle_border_width&quot;:{&quot;unit&quot;:&quot;px&quot;,&quot;size&quot;:&quot;&quot;,&quot;sizes&quot;:[]},&quot;toggle_border_width_tablet&quot;:{&quot;unit&quot;:&quot;px&quot;,&quot;size&quot;:&quot;&quot;,&quot;sizes&quot;:[]},&quot;toggle_border_width_mobile&quot;:{&quot;unit&quot;:&quot;px&quot;,&quot;size&quot;:&quot;&quot;,&quot;sizes&quot;:[]},&quot;toggle_border_radius&quot;:{&quot;unit&quot;:&quot;px&quot;,&quot;size&quot;:&quot;&quot;,&quot;sizes&quot;:[]},&quot;toggle_border_radius_tablet&quot;:{&quot;unit&quot;:&quot;px&quot;,&quot;size&quot;:&quot;&quot;,&quot;sizes&quot;:[]},&quot;toggle_border_radius_mobile&quot;:{&quot;unit&quot;:&quot;px&quot;,&quot;size&quot;:&quot;&quot;,&quot;sizes&quot;:[]}}\" data-widget_type=\"navigation-menu.default\">\n\t\t\t\t<div class=\"elementor-widget-container\">\n\t\t\t\t\t\t<div class=\"hfe-nav-menu hfe-layout-horizontal hfe-nav-menu-layout horizontal hfe-pointer__none\" data-layout=\"horizontal\">\n\t\t\t\t<div role=\"button\" class=\"hfe-nav-menu__toggle elementor-clickable\">\n\t\t\t\t\t<span class=\"screen-reader-text\">Menu<\/span>\n\t\t\t\t\t<div class=\"hfe-nav-menu-icon\">\n\t\t\t\t\t\t\t\t\t\t\t<\/div>\n\t\t\t\t<\/div>\n\t\t\t\t<nav class=\"hfe-nav-menu__layout-horizontal hfe-nav-menu__submenu-classic\" data-toggle-icon=\"\" data-close-icon=\"&lt;i aria-hidden=&quot;true&quot; tabindex=&quot;0&quot; class=&quot;far fa-window-close&quot;&gt;&lt;\/i&gt;\" data-full-width=\"yes\">\n\t\t\t\t\t<ul id=\"menu-1-f8e1b95\" class=\"hfe-nav-menu\"><li id=\"menu-item-72\" class=\"menu-item menu-item-type-post_type menu-item-object-page menu-item-home parent hfe-creative-menu\"><a href=\"https:\/\/tsagency.com.br\/\" class = \"hfe-menu-item\">Home<\/a><\/li>\n<li id=\"menu-item-78\" class=\"menu-item menu-item-type-post_type menu-item-object-page parent hfe-creative-menu\"><a href=\"https:\/\/tsagency.com.br\/?page_id=63\" class = \"hfe-menu-item\">Ts Agency<\/a><\/li>\n<li id=\"menu-item-79\" class=\"menu-item menu-item-type-post_type menu-item-object-page parent hfe-creative-menu\"><a href=\"https:\/\/tsagency.com.br\/?page_id=67\" class = \"hfe-menu-item\">Portf\u00f3lio<\/a><\/li>\n<li id=\"menu-item-74\" class=\"menu-item menu-item-type-post_type menu-item-object-page parent hfe-creative-menu\"><a href=\"https:\/\/tsagency.com.br\/?page_id=68\" class = \"hfe-menu-item\">Jobs<\/a><\/li>\n<li id=\"menu-item-1216\" class=\"menu-item menu-item-type-post_type menu-item-object-page parent hfe-creative-menu\"><a href=\"https:\/\/tsagency.com.br\/?page_id=1215\" class = \"hfe-menu-item\">Image of Power<\/a><\/li>\n<li id=\"menu-item-866\" class=\"menu-item menu-item-type-post_type menu-item-object-page parent hfe-creative-menu\"><a href=\"https:\/\/tsagency.com.br\/?page_id=863\" class = \"hfe-menu-item\">Upcoming Events<\/a><\/li>\n<li id=\"menu-item-285\" class=\"menu-item menu-item-type-post_type menu-item-object-page parent hfe-creative-menu\"><a href=\"https:\/\/tsagency.com.br\/?page_id=278\" class = \"hfe-menu-item\">Contato<\/a><\/li>\n<\/ul> \n\t\t\t\t<\/nav>\n\t\t\t<\/div>\n\t\t\t\t\t<\/div>\n\t\t\t\t<\/div>\n\t\t\t\t\t<\/div>\n\t\t\t\t<\/div>\n\t\t\t\t<\/div>\n\t\t","protected":false},"excerpt":{"rendered":"<p>Estamos aqui para voc\u00ea! &#8220;Uma vis\u00e3o mais hol\u00edstica no mundo dos neg\u00f3cios&#8221; Menu Home Ts Agency Portf\u00f3lio Jobs Upcoming Events Contato<\/p>\n","protected":false},"author":1,"featured_media":0,"parent":0,"menu_order":0,"comment_status":"closed","ping_status":"closed","template":"elementor_canvas","meta":{"om_disable_all_campaigns":false,"_monsterinsights_skip_tracking":false,"_monsterinsights_sitenote_active":false,"_monsterinsights_sitenote_note":"","_monsterinsights_sitenote_category":0,"ocean_post_layout":"","ocean_both_sidebars_style":"","ocean_both_sidebars_content_width":0,"ocean_both_sidebars_sidebars_width":0,"ocean_sidebar":"","ocean_second_sidebar":"","ocean_disable_margins":"enable","ocean_add_body_class":"","ocean_shortcode_before_top_bar":"","ocean_shortcode_after_top_bar":"","ocean_shortcode_before_header":"","ocean_shortcode_after_header":"","ocean_has_shortcode":"","ocean_shortcode_after_title":"","ocean_shortcode_before_footer_widgets":"","ocean_shortcode_after_footer_widgets":"","ocean_shortcode_before_footer_bottom":"","ocean_shortcode_after_footer_bottom":"","ocean_display_top_bar":"default","ocean_display_header":"default","ocean_header_style":"","ocean_center_header_left_menu":"","ocean_custom_header_template":"","ocean_custom_logo":0,"ocean_custom_retina_logo":0,"ocean_custom_logo_max_width":0,"ocean_custom_logo_tablet_max_width":0,"ocean_custom_logo_mobile_max_width":0,"ocean_custom_logo_max_height":0,"ocean_custom_logo_tablet_max_height":0,"ocean_custom_logo_mobile_max_height":0,"ocean_header_custom_menu":"","ocean_menu_typo_font_family":"","ocean_menu_typo_font_subset":"","ocean_menu_typo_font_size":0,"ocean_menu_typo_font_size_tablet":0,"ocean_menu_typo_font_size_mobile":0,"ocean_menu_typo_font_size_unit":"px","ocean_menu_typo_font_weight":"","ocean_menu_typo_font_weight_tablet":"","ocean_menu_typo_font_weight_mobile":"","ocean_menu_typo_transform":"","ocean_menu_typo_transform_tablet":"","ocean_menu_typo_transform_mobile":"","ocean_menu_typo_line_height":0,"ocean_menu_typo_line_height_tablet":0,"ocean_menu_typo_line_height_mobile":0,"ocean_menu_typo_line_height_unit":"","ocean_menu_typo_spacing":0,"ocean_menu_typo_spacing_tablet":0,"ocean_menu_typo_spacing_mobile":0,"ocean_menu_typo_spacing_unit":"","ocean_menu_link_color":"","ocean_menu_link_color_hover":"","ocean_menu_link_color_active":"","ocean_menu_link_background":"","ocean_menu_link_hover_background":"","ocean_menu_link_active_background":"","ocean_menu_social_links_bg":"","ocean_menu_social_hover_links_bg":"","ocean_menu_social_links_color":"","ocean_menu_social_hover_links_color":"","ocean_disable_title":"default","ocean_disable_heading":"default","ocean_post_title":"","ocean_post_subheading":"","ocean_post_title_style":"","ocean_post_title_background_color":"","ocean_post_title_background":0,"ocean_post_title_bg_image_position":"","ocean_post_title_bg_image_attachment":"","ocean_post_title_bg_image_repeat":"","ocean_post_title_bg_image_size":"","ocean_post_title_height":0,"ocean_post_title_bg_overlay":0.5,"ocean_post_title_bg_overlay_color":"","ocean_disable_breadcrumbs":"default","ocean_breadcrumbs_color":"","ocean_breadcrumbs_separator_color":"","ocean_breadcrumbs_links_color":"","ocean_breadcrumbs_links_hover_color":"","ocean_display_footer_widgets":"default","ocean_display_footer_bottom":"default","ocean_custom_footer_template":"","footnotes":""},"aioseo_notices":[],"_links":{"self":[{"href":"https:\/\/tsagency.com.br\/index.php?rest_route=\/wp\/v2\/pages\/43"}],"collection":[{"href":"https:\/\/tsagency.com.br\/index.php?rest_route=\/wp\/v2\/pages"}],"about":[{"href":"https:\/\/tsagency.com.br\/index.php?rest_route=\/wp\/v2\/types\/page"}],"author":[{"embeddable":true,"href":"https:\/\/tsagency.com.br\/index.php?rest_route=\/wp\/v2\/users\/1"}],"replies":[{"embeddable":true,"href":"https:\/\/tsagency.com.br\/index.php?rest_route=%2Fwp%2Fv2%2Fcomments&post=43"}],"version-history":[{"count":97,"href":"https:\/\/tsagency.com.br\/index.php?rest_route=\/wp\/v2\/pages\/43\/revisions"}],"predecessor-version":[{"id":1204,"href":"https:\/\/tsagency.com.br\/index.php?rest_route=\/wp\/v2\/pages\/43\/revisions\/1204"}],"wp:attachment":[{"href":"https:\/\/tsagency.com.br\/index.php?rest_route=%2Fwp%2Fv2%2Fmedia&parent=43"}],"curies":[{"name":"wp","href":"https:\/\/api.w.org\/{rel}","templated":true}]}}